{"id":47,"date":"2019-11-25T19:52:10","date_gmt":"2019-11-25T19:52:10","guid":{"rendered":"https:\/\/taura41.com.ar\/sitio\/?page_id=47"},"modified":"2019-11-26T12:37:06","modified_gmt":"2019-11-26T12:37:06","slug":"profesores-y-oficiales","status":"publish","type":"page","link":"https:\/\/taura41.com.ar\/sitio\/profesores-y-oficiales\/","title":{"rendered":"Profesores y Oficiales"},"content":{"rendered":"<p><b>Profesores<\/b><\/p>\n<p>Alonso, Esteban<br \/>Amigoni de Benedetti, Teresita<br \/>Areal Velez, Estela<br \/>Arainty, Hugo<br \/>Azzerboni, Horacio<br \/>Baini, Ernesto<br \/>Barabino, Berta<br \/>Barraza, Aurora<br \/>Battisacchi, H\u00e9ctor<br \/>Bauso, Juan<br \/>Bonal, Oscar<br \/>Brito, Juan<br \/>Brun, Fernando<br \/>Calcagno, Oscar<br \/>Carrera, Hayd\u00e9e<br \/>Castello, Antonio<br \/>Cerezo, Adriana<br \/>Cichelo, Ra\u00fal<br \/>Da Janoveira de Papa R\u00faa, Mercedes<br \/>De Nastchokine, Demetrio<br \/>De Tomatti, Mar\u00eda del Carmen<br \/>Dubedout, Horacio<br \/>Escalera Zuvir\u00eda, Walberto<br \/>Fernandez, Hector<br \/>Figueroa, Mario<br \/>Filipanics, Alberto<br \/>Fittipaldi, Julio<br \/>Fragnul de Nieto, Marta<br \/>Gargano, Hugo<br \/>Guirin, Rolando<br \/>Irureta, Arturo<br \/>Jaureguiberri, Arturo<br \/>Krajnc, Hugo<br \/>Lasarte, Ang\u00e9lica<br \/>Liotta, Francisco<br \/>Lopez, Carlos<br \/>Losasso, Nicol\u00e1s<br \/>Marciari, Horacio<br \/>Menzella, Angel<br \/>Molteni, Osvaldo<br \/>Munilla, Manuel<br \/>Musse, Miguel<br \/>Musumeci, Antonio<br \/>Naveira de Pi\u00f1eiro, Alicia<br \/>Paillaleff, Ernesto<br \/>Paillet de Galaso, Hebe<br \/>Palomo, Ricardo<br \/>Papa R\u00faa, Oscar<br \/>Pasi\u00f3n, Alberto<br \/>Pelegrini, Arturo<br \/>Piazze Viccini, Juan<br \/>Pomilio, Nora<br \/>Pose, Jorge<br \/>Quinteros, Marta<br \/>Rivarola, Elida<br \/>Rodriguez, Evaristo<br \/>Rodriguez, Jorge<br \/>Rodriguez Iglesias, Hebe<br \/>Rosarrosa, Emilio<br \/>Saenz, Matilde<br \/>Saetone, Ricardo<br \/>Saf\u00f3n, N\u00e9stor<br \/>San Marco, Mario<br \/>Sbarbi Osuna de Gomez, Susana<br \/>Scanapieco, Antonio<br \/>Sciarrillo, Reinaldo<br \/>Spano, Salvador<br \/>Stegman, Anselmo<br \/>Ucha Martinez, Sirio<br \/>Velarde, Manuel<br \/>Verdina, Miguel<\/p>\n\n<p>\u00a0<\/p>\n<p><b>Autoridades A\u00f1o 1983<\/b><\/p>\n<p><br \/>Regente de Estudios Dr. Ovidio Washington Rubio <br \/>Subgerente Ciclo B\u00e1sico Galvez, Pedro Enrique <br \/>Subgerente Ciclo Superior Iba\u00f1ez, Federico <br \/>Jefe de Preceptores Ciclo B\u00e1sico Ragonessi, Lorenzo Conrado <br \/>Jefe de Preceptores Ciclo Superior Veron, Antonio <br \/><br \/><br \/><b>Oficiales A\u00f1o 1979<\/b><\/p>\n<p>Director Cnl D Eduardo B. Cigliutti<br \/>Subdirector Cnl D Ricardo M. Bucich<br \/>Jefe Cuerpo de Cadetes Tcnl D Jose C. Pallej\u00e1<br \/>2do Jefe Cuerpo de Cadetes My D Luis M. C\u00e1ceres<br \/>Jefe Compa\u00f1\u00eda A Cap D Hector Taverna<br \/>Oficiales Instructores Tte 1ro D Jorge O. Bustamante<br \/>Tte D Juan C. Olaguer Feli\u00fa<br \/>Tte D Omar A. Locatelli<br \/><br \/><b>Oficiales A\u00f1o 1980<\/b><\/p>\n<p>Director Cnl D Ricardo M. Bucich<br \/>Subdirector Cnl D Omar Luj\u00e1n Barreda<br \/>Jefe Cuerpo de Cadetes Tcnl D Jose C. Pallej\u00e1<br \/>2do Jefe Cuerpo de Cadetes My D Ernesto G. Villarruel<br \/>Jefe Compa\u00f1\u00eda B Tte 1ro D Diego J.F. Borsotti<br \/>Oficiales Instructores Tte 1ro D Alberto J. Bagattini<br \/>Tte D Manuel J. Santamar\u00eda<br \/>Tte D Omar A. Locatelli<\/p>\n<p><br \/><b>Oficiales A\u00f1o 1981<\/b><\/p>\n<p>Director Cnl D Ricardo M. Bucich<br \/>Subdirector Cnl D Omar Luj\u00e1n Barreda<br \/>Jefe Cuerpo de Cadetes Tcnl D Aldo Ferrari<br \/>2do Jefe Cuerpo de Cadetes My D Emilio Freire<br \/>Jefe Compa\u00f1\u00eda C Cap D Humberto A. Vazquez<br \/>Oficiales Instructores Tte 1ro D Victor H. Rodriguez P\u00e9rez<br \/>Tte D Manuel J. Santamar\u00eda<br \/>Tte D Omar A. Locatelli<br \/><br \/><\/p>\n<p><b>Oficiales A\u00f1o 1982<\/b><\/p>\n<p>Director\u00a0 Cnl D Osvaldfo Ciro Oliveira<br \/>Subdirector Cnl D Pedro E. Tula<br \/>Jefe Cuerpo de Cadetes Tcnl D Aldo Ferrari<br \/>Jefe Compa\u00f1\u00eda D Cap D Carlos A. Suarez<br \/>Oficiales Instructores Tte 1ro D Rub\u00e9n E. Marquez<br \/>Tte 1ro D Andres O. Avalos<br \/>Tte 1ro D Eduardo Rodriguez<br \/>Tte 1ro D Horacio E. Prieto<br \/>Tte 1ro D Jos\u00e9 A. Martinez<\/p>\n<p><br \/><b>Oficiales A\u00f1o 1983<\/b><\/p>\n<p>Director Cnl D Osvaldfo Ciro Oliveira<br \/>Subdirector Cnl D Pedro E. Tula<br \/>Jefe Cuerpo de Cadetes Tcnl D Mario E. Perez<br \/>Jefe Compa\u00f1\u00eda D Cap D Anibal A. Guevara<br \/>Oficiales Instructores Tte 1ro D Miguel S. Maciel<br \/>Tte 1ro D Jos\u00e9 A. Martinez<br \/>Tte 1ro D Javier H. Astigueta<br \/><br \/><b>Tambi\u00e9n aportaron<\/b><\/p>\n<p>Tcnl D Edgar Antonio Liberatori<br \/>Cap C D Melchor Oseas Villanueva<br \/>Cap Ing D Anibal Rolando Gomez<br \/>Cap I D Daniel Rolando Gomez<br \/>Cap A D Bernardo Enrique Segura<br \/>Cap San D Alfredo Granata<br \/>Tte 1ro A D Jose Antonio Rivera<br \/>Tte 1ro A D Pedro E. Arcagni<br \/>Tte 1ro A D Diego Carlos Flaiban<br \/>Tte 1ro A D Juan Manuel Pimentel<br \/>Tte 1ro Banda D Angel Jorge M\u00f3dena<br \/>Tte I D Fernando Rodriguez Fages<br \/>Tte I D Hugo Alonso<br \/>Tte I D Gustavo Renato Gubiani<br \/>Tte I D Horacio R. Malberti<br \/>Tte I D Marcelo Alejandro Vilar<br \/>Tte Int D Juan Jose Riveros<br \/>Tte Educ F\u00eds D Juan Victorio Boue<\/p>\n\n\n<p><\/p>\n","protected":false},"excerpt":{"rendered":"<p>Profesores Alonso, EstebanAmigoni de Benedetti, TeresitaAreal Velez, EstelaArainty, HugoAzzerboni, HoracioBaini, ErnestoBarabino, BertaBarraza, AuroraBattisacchi, H\u00e9ctorBauso, JuanBonal, OscarBrito, JuanBrun, FernandoCalcagno, OscarCarrera, Hayd\u00e9eCastello, AntonioCerezo, AdrianaCichelo, Ra\u00falDa Janoveira de Papa R\u00faa, MercedesDe Nastchokine, DemetrioDe Tomatti, Mar\u00eda del CarmenDubedout, HoracioEscalera Zuvir\u00eda, WalbertoFernandez, HectorFigueroa, MarioFilipanics, AlbertoFittipaldi, JulioFragnul de Nieto, MartaGargano, HugoGuirin, RolandoIrureta, ArturoJaureguiberri, ArturoKrajnc, HugoLasarte, Ang\u00e9licaLiotta, FranciscoLopez, CarlosLosasso, Nicol\u00e1sMarciari, HoracioMenzella, AngelMolteni, &hellip; <\/p>\n<p class=\"link-more\"><a href=\"https:\/\/taura41.com.ar\/sitio\/profesores-y-oficiales\/\" class=\"more-link\">Continuar leyendo<span class=\"screen-reader-text\"> \u00abProfesores y Oficiales\u00bb<\/span><\/a><\/p>\n","protected":false},"author":1,"featured_media":0,"parent":0,"menu_order":0,"comment_status":"closed","ping_status":"closed","template":"","meta":[],"_links":{"self":[{"href":"https:\/\/taura41.com.ar\/sitio\/wp-json\/wp\/v2\/pages\/47"}],"collection":[{"href":"https:\/\/taura41.com.ar\/sitio\/wp-json\/wp\/v2\/pages"}],"about":[{"href":"https:\/\/taura41.com.ar\/sitio\/wp-json\/wp\/v2\/types\/page"}],"author":[{"embeddable":true,"href":"https:\/\/taura41.com.ar\/sitio\/wp-json\/wp\/v2\/users\/1"}],"replies":[{"embeddable":true,"href":"https:\/\/taura41.com.ar\/sitio\/wp-json\/wp\/v2\/comments?post=47"}],"version-history":[{"count":21,"href":"https:\/\/taura41.com.ar\/sitio\/wp-json\/wp\/v2\/pages\/47\/revisions"}],"predecessor-version":[{"id":73,"href":"https:\/\/taura41.com.ar\/sitio\/wp-json\/wp\/v2\/pages\/47\/revisions\/73"}],"wp:attachment":[{"href":"https:\/\/taura41.com.ar\/sitio\/wp-json\/wp\/v2\/media?parent=47"}],"curies":[{"name":"wp","href":"https:\/\/api.w.org\/{rel}","templated":true}]}}